{"id":184,"date":"2020-09-07T11:41:50","date_gmt":"2020-09-07T09:41:50","guid":{"rendered":"http:\/\/proservice.muwit.net\/cookies\/"},"modified":"2020-11-05T18:56:09","modified_gmt":"2020-11-05T17:56:09","slug":"cookies","status":"publish","type":"page","link":"https:\/\/www.proservice.bz.it\/it\/cookies\/","title":{"rendered":"Cookies"},"content":{"rendered":"\n<h2>Cookies<\/h2>\n\n\n\n<h2>Che cosa \u00e8 un Cookie<\/h2>\n\n\n\n<p>Un cookie \u00e8 un file di testo che viene salvato durante l\u2019accesso di \nun sito Web sul proprio PC, tablet o smartphone. I cookie rendono \npossibile ricaricare il sito con le impostazioni preferite dell\u2019ultimo \naccesso (lingua, grandezza del carattere ed altro). I cookie del nostro \nsito non vengono utilizzati per raccogliere informazioni personali del \nvisitatore e non rappresentano nessun rischio per la sua privacy.<\/p>\n\n\n\n<h3>Specifiche di vari tipi di cookie:<\/h3>\n\n\n\n<p><strong>Cookie tecnici [ non \u00e8 richiesto il consenso dell\u2019utente ]<\/strong><br>Tra\n i cosidetti cookie tecnici, segnaliamo i cookie essenziali che \nabilitano funzioni, senza le quali non sarebbe possibile navigare in \ninternet. Questi cookie funzionano esclusivamente per la sessione in \ncorso e sono quindi detti \u201ccookie di prima parte\u201d. Questi cookie scadono\n automaticamente quando l\u2019utente chiude il browser. Rientrano, altres\u00ec, \nnell\u2019ambito dei cookie tecnici anche i cookie di analitica, utilizzati \nper analizzare statisticamente gli accessi al sito, hanno esclusivamente\n scopi statistici e raccolgono informazioni in modo anonimo senza \npossibilit\u00e0 di risalire all\u2019identificazione del singolo utente.<\/p>\n\n\n\n<p><strong>Cookie di profilazione [ \u00e8 richiesto il consenso dell\u2019utente ]<\/strong><br>I\n cookie di profilazione vengono utilizzati per raccogliere informazioni \nrelative all\u2019utente, al fine di inviare messaggi pubblicitari in linea \ncon le preferenze manifestate dallo stesso nell\u2019ambito della navigazione\n in rete.<\/p>\n\n\n\n<p><strong>Cookie di terze parti<br><\/strong>Trattandosi di cookie di \nsiti diversi da questo sito, utilizzati per finalit\u00e0 proprie di dette \nterze parti, le relative informazioni e modalit\u00e0 per prestare o negare \nil proprio consenso sono disponibili cliccando i link qui sotto.<\/p>\n\n\n\n<p><a href=\"http:\/\/www.google.com\/intl\/de\/policies\/technologies\/cookies\/\">Youtube<\/a><br><a href=\"http:\/\/www.google.com\/intl\/de\/policies\/technologies\/cookies\/\">Google Analytics<\/a><br><a href=\"http:\/\/www.google.com\/intl\/de\/policies\/technologies\/cookies\/\">Google Maps<\/a><br><a href=\"http:\/\/www.google.com\/intl\/de\/policies\/technologies\/cookies\/\">Google Plus<\/a><br><a href=\"https:\/\/www.facebook.com\/help\/cookies\/\">Facebook<\/a><br><a href=\"http:\/\/www.cleverreach.com\/privacy\">Cleverreach<\/a><\/p>\n\n\n\n<p><strong>Controllo per l\u2019utilizzo dei Cookie<br><\/strong>Quasi tutti \nbrowser offrono la possibilit\u00e0 di disattivare i Cookie. Dopo la \ndisattivazione dei Cookie non si pu\u00f2 garantire il funzionamento corretto\n del sito web<\/p>\n\n\n\n<h3>Guida per la disattivazione dei Cookie nei diversi browser:<\/h3>\n\n\n\n<p><strong>Firefox:<\/strong><\/p>\n\n\n\n<ul><li>Apri Firefox<\/li><li>Premi il pulsante \u201cAlt\u201d sulla tastiera<\/li><li>Nella barra degli strumenti situata nella parte superiore del browser, seleziona \u201cStrumenti\u201d e successivamente \u201cOpzioni\u201d<\/li><li>Seleziona quindi la scheda \u201cPrivacy\u201d<\/li><li>Vai su \u201cImpostazioni Cronologia:\u201d e successivamente su \u201cUtilizza impostazioni personalizzate\u201d.<\/li><li>Deseleziona \u201cAccetta i cookie dai siti\u201d e salva le preferenze.<\/li><\/ul>\n\n\n\n<p><strong>Internet Explorer:<\/strong><\/p>\n\n\n\n<ul><li>Apri Internet Explorer<\/li><li>Clicca sul pulsante \u201cStrumenti\u201d e quindi su \u201cOpzioni Internet\u201d<\/li><li>Seleziona\n la scheda \u201cPrivacy\u201d e sposta il dispositivo di scorrimento sul livello \ndi privacy che desideri impostare (verso l\u2019alto per bloccare tutti i \ncookie o verso il basso per consentirli tutti)<\/li><li>Quindi clicca su OK<\/li><\/ul>\n\n\n\n<p><strong>Google Chrome:<\/strong><\/p>\n\n\n\n<ul><li>Apri Google Chrome<\/li><li>Clicca sull\u2019icona \u201cStrumenti\u201d<\/li><li>Seleziona \u201cImpostazioni\u201d e successivamente \u201cImpostazioni avanzate\u201d<\/li><li>Seleziona \u201cImpostazioni dei contenuti\u201d sotto la voce \u201cPrivacy\u201d<\/li><li>Nella scheda \u201cCookies\u201d \u00e8 possibile deselezionare i cookie e salvare le preferenze<\/li><\/ul>\n\n\n\n<p><strong>Safari:<\/strong><\/p>\n\n\n\n<ul><li>Apri Safari<\/li><li>Scegli \u201cPreferenze\u201d nella barra degli strumenti, quindi seleziona il pannello \u201cSicurezza\u201d nella finestra di dialogo che segue<\/li><li>Nella\n sezione \u201cAccetta cookie\u201d \u00e8 possibile specificare se e quando Safari \ndeve salvare i cookies dai siti web. Per ulteriori informazioni clicca \nsul pulsante di Aiuto ( contrassegnato da un punto interrogativo)<\/li><li>Per maggiori informazioni sui cookie che vengono memorizzati sul vostro computer, clicca su \u201cMostra cookie\u201d<\/li><\/ul>\n\n\n\n<p>Per maggiori informazioni sui Cookie visitate i seguenti link: <a href=\"http:\/\/www.allaboutcookies.org\/\">http:\/\/www.allaboutcookies.org\/<\/a> oppure <a href=\"http:\/\/www.youronlinechoices.eu\/\">http:\/\/www.youronlinechoices.eu\/<\/a><\/p>\n","protected":false},"excerpt":{"rendered":"<p>Cookies Che cosa \u00e8 un Cookie Un cookie \u00e8 un file di testo che viene salvato durante l\u2019accesso di un sito Web sul proprio PC, tablet<span class=\"excerpt-hellip\"> [\u2026]<\/span><\/p>\n","protected":false},"author":1,"featured_media":0,"parent":0,"menu_order":0,"comment_status":"closed","ping_status":"open","template":"","meta":[],"yoast_head":"<!-- This site is optimized with the Yoast SEO plugin v19.6.1 - https:\/\/yoast.com\/wordpress\/plugins\/seo\/ -->\n<title>Proservice GmbH in Klausen\/S\u00fcdtirol \u2013 Schankanlagen und Getr\u00e4nketechnik<\/title>\n<meta name=\"description\" content=\"Proservice GmbH in Klausen: Der verl\u00e4ssliche Partner f\u00fcr Schankanlagen und Getr\u00e4nketechnik in S\u00fcdtirol. Nachhaltige L\u00f6sungen f\u00fcr die Klein- und Gro\u00dfgastronomie.\" \/>\n<meta name=\"robots\" content=\"index, follow, max-snippet:-1, max-image-preview:large, max-video-preview:-1\" \/>\n<link rel=\"canonical\" href=\"https:\/\/www.proservice.bz.it\/it\/cookies\/\" \/>\n<meta property=\"og:locale\" content=\"it_IT\" \/>\n<meta property=\"og:type\" content=\"article\" \/>\n<meta property=\"og:title\" content=\"Proservice GmbH in Klausen\/S\u00fcdtirol \u2013 Schankanlagen und Getr\u00e4nketechnik\" \/>\n<meta property=\"og:description\" content=\"Proservice GmbH in Klausen: Der verl\u00e4ssliche Partner f\u00fcr Schankanlagen und Getr\u00e4nketechnik in S\u00fcdtirol. Nachhaltige L\u00f6sungen f\u00fcr die Klein- und Gro\u00dfgastronomie.\" \/>\n<meta property=\"og:url\" content=\"https:\/\/www.proservice.bz.it\/it\/cookies\/\" \/>\n<meta property=\"og:site_name\" content=\"ProService\" \/>\n<meta property=\"article:modified_time\" content=\"2020-11-05T17:56:09+00:00\" \/>\n<meta name=\"twitter:card\" content=\"summary_large_image\" \/>\n<meta name=\"twitter:label1\" content=\"Tempo di lettura stimato\" \/>\n\t<meta name=\"twitter:data1\" content=\"3 minuti\" \/>\n<script type=\"application\/ld+json\" class=\"yoast-schema-graph\">{\"@context\":\"https:\/\/schema.org\",\"@graph\":[{\"@type\":\"WebPage\",\"@id\":\"https:\/\/www.proservice.bz.it\/it\/cookies\/\",\"url\":\"https:\/\/www.proservice.bz.it\/it\/cookies\/\",\"name\":\"Proservice GmbH in Klausen\/S\u00fcdtirol \u2013 Schankanlagen und Getr\u00e4nketechnik\",\"isPartOf\":{\"@id\":\"https:\/\/www.proservice.bz.it\/#website\"},\"datePublished\":\"2020-09-07T09:41:50+00:00\",\"dateModified\":\"2020-11-05T17:56:09+00:00\",\"description\":\"Proservice GmbH in Klausen: Der verl\u00e4ssliche Partner f\u00fcr Schankanlagen und Getr\u00e4nketechnik in S\u00fcdtirol. Nachhaltige L\u00f6sungen f\u00fcr die Klein- und Gro\u00dfgastronomie.\",\"breadcrumb\":{\"@id\":\"https:\/\/www.proservice.bz.it\/it\/cookies\/#breadcrumb\"},\"inLanguage\":\"it-IT\",\"potentialAction\":[{\"@type\":\"ReadAction\",\"target\":[\"https:\/\/www.proservice.bz.it\/it\/cookies\/\"]}]},{\"@type\":\"BreadcrumbList\",\"@id\":\"https:\/\/www.proservice.bz.it\/it\/cookies\/#breadcrumb\",\"itemListElement\":[{\"@type\":\"ListItem\",\"position\":1,\"name\":\"Startseite\",\"item\":\"https:\/\/www.proservice.bz.it\/it\/beispiel-seite\/\"},{\"@type\":\"ListItem\",\"position\":2,\"name\":\"Cookies\"}]},{\"@type\":\"WebSite\",\"@id\":\"https:\/\/www.proservice.bz.it\/#website\",\"url\":\"https:\/\/www.proservice.bz.it\/\",\"name\":\"ProService\",\"description\":\"Proservice - Photovoltaik, Getr\u00e4nkeanlagen, Schankanlagen, Infrarotheizung\",\"potentialAction\":[{\"@type\":\"SearchAction\",\"target\":{\"@type\":\"EntryPoint\",\"urlTemplate\":\"https:\/\/www.proservice.bz.it\/?s={search_term_string}\"},\"query-input\":\"required name=search_term_string\"}],\"inLanguage\":\"it-IT\"}]}<\/script>\n<!-- \/ Yoast SEO plugin. -->","yoast_head_json":{"title":"Proservice GmbH in Klausen\/S\u00fcdtirol \u2013 Schankanlagen und Getr\u00e4nketechnik","description":"Proservice GmbH in Klausen: Der verl\u00e4ssliche Partner f\u00fcr Schankanlagen und Getr\u00e4nketechnik in S\u00fcdtirol. Nachhaltige L\u00f6sungen f\u00fcr die Klein- und Gro\u00dfgastronomie.","robots":{"index":"index","follow":"follow","max-snippet":"max-snippet:-1","max-image-preview":"max-image-preview:large","max-video-preview":"max-video-preview:-1"},"canonical":"https:\/\/www.proservice.bz.it\/it\/cookies\/","og_locale":"it_IT","og_type":"article","og_title":"Proservice GmbH in Klausen\/S\u00fcdtirol \u2013 Schankanlagen und Getr\u00e4nketechnik","og_description":"Proservice GmbH in Klausen: Der verl\u00e4ssliche Partner f\u00fcr Schankanlagen und Getr\u00e4nketechnik in S\u00fcdtirol. Nachhaltige L\u00f6sungen f\u00fcr die Klein- und Gro\u00dfgastronomie.","og_url":"https:\/\/www.proservice.bz.it\/it\/cookies\/","og_site_name":"ProService","article_modified_time":"2020-11-05T17:56:09+00:00","twitter_card":"summary_large_image","twitter_misc":{"Tempo di lettura stimato":"3 minuti"},"schema":{"@context":"https:\/\/schema.org","@graph":[{"@type":"WebPage","@id":"https:\/\/www.proservice.bz.it\/it\/cookies\/","url":"https:\/\/www.proservice.bz.it\/it\/cookies\/","name":"Proservice GmbH in Klausen\/S\u00fcdtirol \u2013 Schankanlagen und Getr\u00e4nketechnik","isPartOf":{"@id":"https:\/\/www.proservice.bz.it\/#website"},"datePublished":"2020-09-07T09:41:50+00:00","dateModified":"2020-11-05T17:56:09+00:00","description":"Proservice GmbH in Klausen: Der verl\u00e4ssliche Partner f\u00fcr Schankanlagen und Getr\u00e4nketechnik in S\u00fcdtirol. Nachhaltige L\u00f6sungen f\u00fcr die Klein- und Gro\u00dfgastronomie.","breadcrumb":{"@id":"https:\/\/www.proservice.bz.it\/it\/cookies\/#breadcrumb"},"inLanguage":"it-IT","potentialAction":[{"@type":"ReadAction","target":["https:\/\/www.proservice.bz.it\/it\/cookies\/"]}]},{"@type":"BreadcrumbList","@id":"https:\/\/www.proservice.bz.it\/it\/cookies\/#breadcrumb","itemListElement":[{"@type":"ListItem","position":1,"name":"Startseite","item":"https:\/\/www.proservice.bz.it\/it\/beispiel-seite\/"},{"@type":"ListItem","position":2,"name":"Cookies"}]},{"@type":"WebSite","@id":"https:\/\/www.proservice.bz.it\/#website","url":"https:\/\/www.proservice.bz.it\/","name":"ProService","description":"Proservice - Photovoltaik, Getr\u00e4nkeanlagen, Schankanlagen, Infrarotheizung","potentialAction":[{"@type":"SearchAction","target":{"@type":"EntryPoint","urlTemplate":"https:\/\/www.proservice.bz.it\/?s={search_term_string}"},"query-input":"required name=search_term_string"}],"inLanguage":"it-IT"}]}},"_links":{"self":[{"href":"https:\/\/www.proservice.bz.it\/it\/wp-json\/wp\/v2\/pages\/184\/"}],"collection":[{"href":"https:\/\/www.proservice.bz.it\/it\/wp-json\/wp\/v2\/pages\/"}],"about":[{"href":"https:\/\/www.proservice.bz.it\/it\/wp-json\/wp\/v2\/types\/page\/"}],"author":[{"embeddable":true,"href":"https:\/\/www.proservice.bz.it\/it\/wp-json\/wp\/v2\/users\/1\/"}],"replies":[{"embeddable":true,"href":"https:\/\/www.proservice.bz.it\/it\/wp-json\/wp\/v2\/comments\/?post=184"}],"version-history":[{"count":1,"href":"https:\/\/www.proservice.bz.it\/it\/wp-json\/wp\/v2\/pages\/184\/revisions\/"}],"predecessor-version":[{"id":185,"href":"https:\/\/www.proservice.bz.it\/it\/wp-json\/wp\/v2\/pages\/184\/revisions\/185\/"}],"wp:attachment":[{"href":"https:\/\/www.proservice.bz.it\/it\/wp-json\/wp\/v2\/media\/?parent=184"}],"curies":[{"name":"wp","href":"https:\/\/api.w.org\/{rel}","templated":true}]}}